{"id":11242,"date":"2023-12-12T16:29:22","date_gmt":"2023-12-12T16:29:22","guid":{"rendered":"https:\/\/rivasshop.com\/wwwlabs2\/?page_id=11242"},"modified":"2024-12-20T14:44:17","modified_gmt":"2024-12-20T20:44:17","slug":"proyectos-diversos","status":"publish","type":"page","link":"https:\/\/tensa.mx\/en\/proyectos-diversos\/","title":{"rendered":"VARIOUS PROJECTS"},"content":{"rendered":"<p>[et_pb_section fb_built=&#8221;1&#8243; admin_label=&#8221;Hero&#8221; _builder_version=&#8221;4.23.1&#8243; use_background_color_gradient=&#8221;on&#8221; background_color_gradient_type=&#8221;circular&#8221; background_color_gradient_direction_radial=&#8221;top left&#8221; background_color_gradient_stops=&#8221;rgba(40,40,40,0.14) 0%|rgba(40,40,40,0.86) 100%&#8221; background_color_gradient_overlays_image=&#8221;on&#8221; background_color_gradient_start=&#8221;rgba(40,40,40,0.79)&#8221; background_color_gradient_end=&#8221;rgba(40,40,40,0.86)&#8221; background_image=&#8221;https:\/\/tensa.mx\/wp-content\/uploads\/2023\/11\/construction-13.jpg&#8221; background_enable_video_mp4=&#8221;off&#8221; custom_padding=&#8221;0px||0px||true|false&#8221; da_disable_devices=&#8221;off|off|off&#8221; locked=&#8221;off&#8221; global_colors_info=&#8221;{}&#8221; da_is_popup=&#8221;off&#8221; da_exit_intent=&#8221;off&#8221; da_has_close=&#8221;on&#8221; da_alt_close=&#8221;off&#8221; da_dark_close=&#8221;off&#8221; da_not_modal=&#8221;on&#8221; da_is_singular=&#8221;off&#8221; da_with_loader=&#8221;off&#8221; da_has_shadow=&#8221;on&#8221;][et_pb_row use_custom_gutter=&#8221;on&#8221; make_equal=&#8221;on&#8221; custom_padding_last_edited=&#8221;on|phone&#8221; padding_top_bottom_link_1=&#8221;true&#8221; padding_top_bottom_link_2=&#8221;true&#8221; padding_left_right_link_1=&#8221;true&#8221; padding_left_right_link_2=&#8221;true&#8221; background_color_gradient_type_1=&#8221;circular&#8221; _builder_version=&#8221;4.23.1&#8243; background_enable_video_mp4=&#8221;off&#8221; width=&#8221;100%&#8221; max_width=&#8221;100%&#8221; custom_padding=&#8221;43px||0px||false|false&#8221; custom_padding_tablet=&#8221;106px||0px||false|false&#8221; custom_padding_phone=&#8221;108px||0px||false|false&#8221; use_custom_width=&#8221;on&#8221; width_unit=&#8221;off&#8221; custom_width_percent=&#8221;100%&#8221; global_colors_info=&#8221;{}&#8221;][et_pb_column type=&#8221;4_4&#8243; _builder_version=&#8221;4.23.1&#8243; background_color=&#8221;RGBA(255,255,255,0)&#8221; background_color_gradient_start=&#8221;rgba(40,40,40,0.79)&#8221; background_color_gradient_end=&#8221;rgba(40,40,40,0.86)&#8221; background_enable_video_mp4=&#8221;off&#8221; custom_padding=&#8221;12vw|6vw|4vw|6vw|false|false&#8221; custom_padding_tablet=&#8221;5vw|10%|5vw|10%|false|true&#8221; custom_padding_phone=&#8221;7vw|10%|6vw|10%|false|true&#8221; custom_padding_last_edited=&#8221;on|phone&#8221; global_colors_info=&#8221;{}&#8221; padding_tablet=&#8221;10vw|10%|10vw|10%|true|true&#8221; padding_last_edited=&#8221;on|desktop&#8221; custom_padding__hover=&#8221;|||&#8221; padding_phone=&#8221;10vw|10%|10vw|10%|true|true&#8221;][et_pb_text _builder_version=&#8221;4.23.1&#8243; text_font=&#8221;||||||||&#8221; header_font=&#8221;Rubik|700|||||||&#8221; header_font_size=&#8221;44px&#8221; header_line_height=&#8221;1.1em&#8221; background_layout=&#8221;dark&#8221; max_width=&#8221;800px&#8221; custom_margin=&#8221;||0px|&#8221; custom_padding=&#8221;|||16px&#8221; text_font_size_tablet=&#8221;14px&#8221; text_font_size_last_edited=&#8221;off|desktop&#8221; header_font_size_tablet=&#8221;32px&#8221; header_font_size_phone=&#8221;33px&#8221; header_font_size_last_edited=&#8221;on|phone&#8221; header_text_shadow_style=&#8221;preset2&#8243; header_text_shadow_color=&#8221;rgba(0,0,0,0.64)&#8221; border_color_all=&#8221;#ffb400&#8243; border_width_left=&#8221;10px&#8221; border_color_left=&#8221;gcid-922f8e05-0af6-48a7-8ba4-9a77f0c7dbee&#8221; locked=&#8221;off&#8221; global_colors_info=&#8221;{%22gcid-922f8e05-0af6-48a7-8ba4-9a77f0c7dbee%22:%91%22border_color_left%22%93}&#8221;]<\/p>\n<h1>Proyectos Diversos<\/h1>\n<p>[\/et_pb_text][\/et_pb_column][\/et_pb_row][\/et_pb_section][et_pb_section fb_built=&#8221;1&#8243; custom_padding_last_edited=&#8221;on|tablet&#8221; admin_label=&#8221;Header&#8221; _builder_version=&#8221;4.23.1&#8243; _module_preset=&#8221;default&#8221; use_background_color_gradient=&#8221;on&#8221; background_color_gradient_direction=&#8221;90deg&#8221; background_color_gradient_stops=&#8221;#f0f3fb 0%|rgba(240,243,251,0) 100%&#8221; background_enable_image=&#8221;off&#8221; background_size=&#8221;initial&#8221; custom_padding=&#8221;36px||50px||false|false&#8221; custom_padding_tablet=&#8221;||0px||false|false&#8221; custom_padding_phone=&#8221;||0px||false|false&#8221; bottom_divider_color=&#8221;#000000&#8243; bottom_divider_flip=&#8221;horizontal&#8221; background_last_edited=&#8221;on|tablet&#8221; background_position_phone=&#8221;bottom_center&#8221; da_disable_devices=&#8221;off|off|off&#8221; locked=&#8221;off&#8221; collapsed=&#8221;on&#8221; global_colors_info=&#8221;{}&#8221; da_is_popup=&#8221;off&#8221; da_exit_intent=&#8221;off&#8221; da_has_close=&#8221;on&#8221; da_alt_close=&#8221;off&#8221; da_dark_close=&#8221;off&#8221; da_not_modal=&#8221;on&#8221; da_is_singular=&#8221;off&#8221; da_with_loader=&#8221;off&#8221; da_has_shadow=&#8221;on&#8221;][et_pb_row _builder_version=&#8221;4.16.0&#8243; _module_preset=&#8221;default&#8221; custom_padding=&#8221;||||false|false&#8221; global_colors_info=&#8221;{}&#8221;][et_pb_column type=&#8221;4_4&#8243; _builder_version=&#8221;4.16.0&#8243; _module_preset=&#8221;default&#8221; global_colors_info=&#8221;{}&#8221;][et_pb_text _builder_version=&#8221;4.23.1&#8243; _module_preset=&#8221;d2f72b1a-2370-4770-95fc-17e3dd75cd60&#8243; header_2_font=&#8221;Roboto Condensed|700||on|||||&#8221; header_2_text_color=&#8221;gcid-922f8e05-0af6-48a7-8ba4-9a77f0c7dbee&#8221; custom_margin=&#8221;0px||-13px||false|false&#8221; custom_padding=&#8221;||17px||false|false&#8221; header_font_size_tablet=&#8221;&#8221; header_font_size_phone=&#8221;33px&#8221; header_font_size_last_edited=&#8221;on|phone&#8221; global_colors_info=&#8221;{%22gcid-922f8e05-0af6-48a7-8ba4-9a77f0c7dbee%22:%91%22header_2_text_color%22,%22header_2_text_color%22,%22header_2_text_color%22,%22header_2_text_color%22%93}&#8221;]<\/p>\n<h2>Desarrollo de proyectos de alto impacto y plusval\u00eda<\/h2>\n<p>[\/et_pb_text][\/et_pb_column][\/et_pb_row][et_pb_row _builder_version=&#8221;4.16.0&#8243; _module_preset=&#8221;default&#8221; custom_margin=&#8221;-20px|auto||auto||&#8221; custom_padding=&#8221;0px|||||&#8221; global_colors_info=&#8221;{}&#8221;][et_pb_column type=&#8221;4_4&#8243; _builder_version=&#8221;4.16.0&#8243; _module_preset=&#8221;default&#8221; global_colors_info=&#8221;{}&#8221;][et_pb_text _builder_version=&#8221;4.23.1&#8243; _module_preset=&#8221;596f4725-1c36-45b8-8f21-69157f74cf89&#8243; text_font=&#8221;|600|||||||&#8221; text_font_size=&#8221;17px&#8221; text_line_height=&#8221;1.4em&#8221; custom_margin=&#8221;||||false|false&#8221; custom_margin_tablet=&#8221;-5px||79px||false|false&#8221; custom_margin_phone=&#8221;0px||91px||false|false&#8221; custom_margin_last_edited=&#8221;on|tablet&#8221; custom_padding=&#8221;||18px|||&#8221; global_colors_info=&#8221;{}&#8221;]Estudiamos y analizamos las necesidades de nuestros clientes para dise\u00f1ar y construir infraestructura de valor,<br \/>\nque genere un impacto positivo en la sociedad y a lo largo de la cadena de valor.[\/et_pb_text][lwp_post_carousel post_categories=&#8221;11&#8243; autoplay_animation=&#8221;on&#8221; _builder_version=&#8221;4.23.1&#8243; _module_preset=&#8221;default&#8221; post_title_font=&#8221;Roboto Condensed||||||||&#8221; post_title_text_color=&#8221;gcid-922f8e05-0af6-48a7-8ba4-9a77f0c7dbee&#8221; post_title_font_size=&#8221;21px&#8221; post_title_line_height=&#8221;1.4em&#8221; custom_css_free_form=&#8221;.et_pb_button_wrapper{||  display:none;||}||.lwp_post_carousel_meta{||  display:none;||}&#8221; global_colors_info=&#8221;{%22gcid-922f8e05-0af6-48a7-8ba4-9a77f0c7dbee%22:%91%22post_title_text_color%22%93}&#8221;][\/lwp_post_carousel][\/et_pb_column][\/et_pb_row][\/et_pb_section][et_pb_section fb_built=&#8221;1&#8243; admin_label=&#8221;Events&#8221; _builder_version=&#8221;4.23.1&#8243; _module_preset=&#8221;default&#8221; background_color=&#8221;#FFFFFF&#8221; da_disable_devices=&#8221;off|off|off&#8221; saved_tabs=&#8221;all&#8221; collapsed=&#8221;on&#8221; global_colors_info=&#8221;{}&#8221; da_is_popup=&#8221;off&#8221; da_exit_intent=&#8221;off&#8221; da_has_close=&#8221;on&#8221; da_alt_close=&#8221;off&#8221; da_dark_close=&#8221;off&#8221; da_not_modal=&#8221;on&#8221; da_is_singular=&#8221;off&#8221; da_with_loader=&#8221;off&#8221; da_has_shadow=&#8221;on&#8221;][et_pb_row _builder_version=&#8221;4.23.1&#8243; _module_preset=&#8221;default&#8221; global_colors_info=&#8221;{}&#8221;][et_pb_column type=&#8221;4_4&#8243; _builder_version=&#8221;4.20.0&#8243; _module_preset=&#8221;default&#8221; global_colors_info=&#8221;{}&#8221;][et_pb_text _builder_version=&#8221;4.23.1&#8243; _module_preset=&#8221;d2f72b1a-2370-4770-95fc-17e3dd75cd60&#8243; header_2_text_color=&#8221;gcid-922f8e05-0af6-48a7-8ba4-9a77f0c7dbee&#8221; custom_margin=&#8221;||-2px|||&#8221; header_2_font_size_phone=&#8221;30px&#8221; global_colors_info=&#8221;{%22gcid-922f8e05-0af6-48a7-8ba4-9a77f0c7dbee%22:%91%22header_2_text_color%22%93}&#8221;]<\/p>\n<h2>CLIENTES<\/h2>\n<p>[\/et_pb_text][wdcl_logo_carousel slide_count=&#8221;5&#8243; is_auto_height=&#8221;on&#8221; arrow_height=&#8221;24px&#8221; arrow_width=&#8221;27px&#8221; arrow_color=&#8221;gcid-922f8e05-0af6-48a7-8ba4-9a77f0c7dbee&#8221; arrow_bg=&#8221;RGBA(255,255,255,0)&#8221; logo_hover=&#8221;black_n_white&#8221; logo_width=&#8221;150px&#8221; slide_count_tablet=&#8221;4&#8243; slide_count_phone=&#8221;4&#8243; slide_count_last_edited=&#8221;on|desktop&#8221; _builder_version=&#8221;4.23.2&#8243; _module_preset=&#8221;default&#8221; custom_margin=&#8221;-4px||17px||false|false&#8221; custom_margin_tablet=&#8221;||25px||false|false&#8221; custom_margin_phone=&#8221;||25px||false|false&#8221; custom_margin_last_edited=&#8221;on|phone&#8221; custom_padding_tablet=&#8221;&#8221; custom_padding_phone=&#8221;||42px||false|false&#8221; custom_padding_last_edited=&#8221;on|phone&#8221; hover_enabled=&#8221;0&#8243; global_colors_info=&#8221;{%22gcid-922f8e05-0af6-48a7-8ba4-9a77f0c7dbee%22:%91%22arrow_color%22%93}&#8221; sticky_enabled=&#8221;0&#8243;][wdcl_logo_carousel_child admin_title=&#8221;Amazon&#8221; logo=&#8221;https:\/\/tensa.mx\/wp-content\/uploads\/2023\/12\/Clientes-2.png&#8221; logo_alt=&#8221;Amazon&#8221; _builder_version=&#8221;4.23.1&#8243; _module_preset=&#8221;default&#8221; global_colors_info=&#8221;{}&#8221;][\/wdcl_logo_carousel_child][wdcl_logo_carousel_child admin_title=&#8221;CPA&#8221; _builder_version=&#8221;4.23.2&#8243; _module_preset=&#8221;default&#8221; hover_enabled=&#8221;0&#8243; global_colors_info=&#8221;{}&#8221; title_text=&#8221;2&#8243; logo=&#8221;https:\/\/tensa.mx\/wp-content\/uploads\/2024\/01\/2.png&#8221; sticky_enabled=&#8221;0&#8243;][\/wdcl_logo_carousel_child][wdcl_logo_carousel_child admin_title=&#8221;Driscoll&#8217;s&#8221; _builder_version=&#8221;4.23.2&#8243; _module_preset=&#8221;default&#8221; hover_enabled=&#8221;0&#8243; global_colors_info=&#8221;{}&#8221; title_text=&#8221;1&#8243; logo=&#8221;https:\/\/tensa.mx\/wp-content\/uploads\/2024\/01\/1.png&#8221; sticky_enabled=&#8221;0&#8243;][\/wdcl_logo_carousel_child][wdcl_logo_carousel_child admin_title=&#8221;WTC&#8221; logo=&#8221;https:\/\/tensa.mx\/wp-content\/uploads\/2023\/12\/Clientes-19.png&#8221; _builder_version=&#8221;4.23.1&#8243; _module_preset=&#8221;default&#8221; global_colors_info=&#8221;{}&#8221;][\/wdcl_logo_carousel_child][wdcl_logo_carousel_child admin_title=&#8221;TORREY&#8221; logo=&#8221;https:\/\/tensa.mx\/wp-content\/uploads\/2023\/12\/Clientes-18.png&#8221; _builder_version=&#8221;4.23.1&#8243; _module_preset=&#8221;default&#8221; global_colors_info=&#8221;{}&#8221;][\/wdcl_logo_carousel_child][wdcl_logo_carousel_child admin_title=&#8221;American Woodmark&#8221; logo=&#8221;https:\/\/tensa.mx\/wp-content\/uploads\/2023\/12\/Clientes-17.png&#8221; _builder_version=&#8221;4.23.1&#8243; _module_preset=&#8221;default&#8221; global_colors_info=&#8221;{}&#8221;][\/wdcl_logo_carousel_child][wdcl_logo_carousel_child admin_title=&#8221;Shelo&#8221; logo=&#8221;https:\/\/tensa.mx\/wp-content\/uploads\/2023\/12\/Clientes-16.png&#8221; _builder_version=&#8221;4.23.1&#8243; _module_preset=&#8221;default&#8221; global_colors_info=&#8221;{}&#8221;][\/wdcl_logo_carousel_child][wdcl_logo_carousel_child admin_title=&#8221;PARks&#8221; logo=&#8221;https:\/\/tensa.mx\/wp-content\/uploads\/2023\/12\/Clientes-14.png&#8221; _builder_version=&#8221;4.23.1&#8243; _module_preset=&#8221;default&#8221; global_colors_info=&#8221;{}&#8221;][\/wdcl_logo_carousel_child][wdcl_logo_carousel_child admin_title=&#8221;Nestle&#8221; logo=&#8221;https:\/\/tensa.mx\/wp-content\/uploads\/2023\/12\/Clientes-15.png&#8221; _builder_version=&#8221;4.23.1&#8243; _module_preset=&#8221;default&#8221; global_colors_info=&#8221;{}&#8221;][\/wdcl_logo_carousel_child][wdcl_logo_carousel_child admin_title=&#8221;fresenius&#8221; logo=&#8221;https:\/\/tensa.mx\/wp-content\/uploads\/2023\/12\/Clientes-12.png&#8221; _builder_version=&#8221;4.23.1&#8243; _module_preset=&#8221;default&#8221; global_colors_info=&#8221;{}&#8221;][\/wdcl_logo_carousel_child][wdcl_logo_carousel_child admin_title=&#8221;best buy&#8221; logo=&#8221;https:\/\/tensa.mx\/wp-content\/uploads\/2023\/12\/Clientes-10.png&#8221; _builder_version=&#8221;4.23.1&#8243; _module_preset=&#8221;default&#8221; global_colors_info=&#8221;{}&#8221;][\/wdcl_logo_carousel_child][wdcl_logo_carousel_child admin_title=&#8221;Mexico Real&#8221; logo=&#8221;https:\/\/tensa.mx\/wp-content\/uploads\/2023\/12\/Clientes-11.png&#8221; _builder_version=&#8221;4.23.1&#8243; _module_preset=&#8221;default&#8221; global_colors_info=&#8221;{}&#8221;][\/wdcl_logo_carousel_child][wdcl_logo_carousel_child admin_title=&#8221;Loma&#8221; logo=&#8221;https:\/\/tensa.mx\/wp-content\/uploads\/2023\/12\/Clientes-9.png&#8221; _builder_version=&#8221;4.23.1&#8243; _module_preset=&#8221;default&#8221; global_colors_info=&#8221;{}&#8221;][\/wdcl_logo_carousel_child][wdcl_logo_carousel_child admin_title=&#8221;aldo&#8221; logo=&#8221;https:\/\/tensa.mx\/wp-content\/uploads\/2023\/12\/Clientes-13.png&#8221; _builder_version=&#8221;4.23.1&#8243; _module_preset=&#8221;default&#8221; global_colors_info=&#8221;{}&#8221;][\/wdcl_logo_carousel_child][wdcl_logo_carousel_child admin_title=&#8221;ckclass&#8221; logo=&#8221;https:\/\/tensa.mx\/wp-content\/uploads\/2023\/12\/Clientes-6.png&#8221; _builder_version=&#8221;4.23.1&#8243; _module_preset=&#8221;default&#8221; link_option_url=&#8221;ckclass&#8221; global_colors_info=&#8221;{}&#8221;][\/wdcl_logo_carousel_child][wdcl_logo_carousel_child admin_title=&#8221;cbre&#8221; logo=&#8221;https:\/\/tensa.mx\/wp-content\/uploads\/2023\/12\/Clientes-8.png&#8221; _builder_version=&#8221;4.23.1&#8243; _module_preset=&#8221;default&#8221; global_colors_info=&#8221;{}&#8221;][\/wdcl_logo_carousel_child][wdcl_logo_carousel_child admin_title=&#8221;america indsutrie&#8221; logo=&#8221;https:\/\/tensa.mx\/wp-content\/uploads\/2023\/12\/Clientes-4.png&#8221; _builder_version=&#8221;4.23.1&#8243; _module_preset=&#8221;default&#8221; link_option_url=&#8221;ckclass&#8221; global_colors_info=&#8221;{}&#8221;][\/wdcl_logo_carousel_child][wdcl_logo_carousel_child admin_title=&#8221;almer&#8221; logo=&#8221;https:\/\/tensa.mx\/wp-content\/uploads\/2023\/12\/Clientes-3.png&#8221; _builder_version=&#8221;4.23.1&#8243; _module_preset=&#8221;default&#8221; global_colors_info=&#8221;{}&#8221;][\/wdcl_logo_carousel_child][wdcl_logo_carousel_child admin_title=&#8221;naturral&#8221; logo=&#8221;https:\/\/tensa.mx\/wp-content\/uploads\/2023\/12\/Clientes-1.png&#8221; _builder_version=&#8221;4.23.1&#8243; _module_preset=&#8221;default&#8221; global_colors_info=&#8221;{}&#8221;][\/wdcl_logo_carousel_child][wdcl_logo_carousel_child admin_title=&#8221;bbb&#8221; logo=&#8221;https:\/\/tensa.mx\/wp-content\/uploads\/2023\/12\/Clientes-BBB.png&#8221; _builder_version=&#8221;4.23.1&#8243; _module_preset=&#8221;default&#8221; global_colors_info=&#8221;{}&#8221;][\/wdcl_logo_carousel_child][wdcl_logo_carousel_child admin_title=&#8221;plexus&#8221; logo=&#8221;https:\/\/tensa.mx\/wp-content\/uploads\/2023\/12\/clientes-plwxua.png&#8221; _builder_version=&#8221;4.23.1&#8243; _module_preset=&#8221;default&#8221; global_colors_info=&#8221;{}&#8221;][\/wdcl_logo_carousel_child][\/wdcl_logo_carousel][\/et_pb_column][\/et_pb_row][\/et_pb_section]<\/p>\n","protected":false},"excerpt":{"rendered":"<p>Proyectos DiversosDesarrollo de proyectos de alto impacto y plusval\u00edaEstudiamos y analizamos las necesidades de nuestros clientes para dise\u00f1ar y construir infraestructura de valor, que genere un impacto positivo en la sociedad y a lo largo de la cadena de valor.<div class=\"et_pb_module lwp_post_carousel lwp_post_carousel_0\">\n\t\t\t\t\n\t\t\t\t\n\t\t\t\t\n\t\t\t\t\n\t\t\t\t\n\t\t\t\t\n\t\t\t\t<div class=\"et_pb_module_inner\">\n\t\t\t\t\t\r\n\t\t\t<section class=\"lwp-slick-slider slider small-slider lwp-default-slider lwp-side-center\" data-slick='{ \"vertical\":false, \"slidesToShow\": 3, \"slidesToScroll\": 1, \"dots\":true, \"arrows\":true, \"infinite\":false, \"autoplay\":true, \"autoplaySpeed\":2000, \"pauseOnHover\":true, \"adaptiveHeight\":true, \"speed\":300, \"cssEase\":\"ease\", \"responsive\": [ { \"breakpoint\": 980, \"settings\": { \"slidesToShow\": 3, \"slidesToScroll\": 1, \"arrows\":true,\"dots\":true } } ,{ \"breakpoint\": 767, \"settings\": { \"slidesToShow\": 1, \"slidesToScroll\": 1, \"arrows\":true,\"dots\":true } } ] }'>\r\n\t\t\t\t<div class=\"lwp_post_carousel_item\">\r\n\t\t\t<div class=\"lwp_post_carousel_item_inner lwp_carousel_default\"><div class=\"lwp_post_carousel_image\">\r\n\t\t\t<a class=\"lwp_carousel_featured_image\" href=\"https:\/\/tensa.mx\/en\/proyectos\/edificio-grupo-tensa\/\">\r\n\t\t\t<img width=\"400\" height=\"250\" src=\"https:\/\/tensa.mx\/wp-content\/uploads\/2023\/12\/tensa1a-1-400x250.jpg\" class=\"attachment-et-pb-post-main-image size-et-pb-post-main-image wp-post-image\" alt=\"\" decoding=\"async\" loading=\"lazy\" \/>\r\n\t\t\t<\/a>\r\n\t\t<\/div><div class=\"lwp_post_carousel_title\">\r\n\t\t\t\t\t<h4 class=\"lwp_post_carousel_heading\">\r\n\t\t\t\t\t\t<a class=\"lwp_post_title\" href=\"https:\/\/tensa.mx\/en\/proyectos\/edificio-grupo-tensa\/\">EDIFICIO GRUPO TENSA<\/a>\r\n\t\t\t\t\t<\/h4>\r\n\t\t\t\t<\/div><p class=\"lwp_post_carousel_meta\"><span class=\"lwp_meta_by\">by<\/span> <a href=\"https:\/\/tensa.mx\/en\/author\/tensa\/\" title=\"Posts by tensa construcciones\" rel=\"author\">tensa construcciones<\/a> <span class=\"lwp_meta_separator\">|<\/span> <span class=\"lwp_meta_date\">Dec 13, 2023<\/span> <span class=\"lwp_meta_separator\">|<\/span> <span class=\"lwp_meta_categories\"><a href=\"https:\/\/tensa.mx\/en\/category\/proyectos\/\" rel=\"category tag\">Proyectos<\/a>, <a href=\"https:\/\/tensa.mx\/en\/category\/proyectos\/proyectos-diversos\/\" rel=\"category tag\">Proyectos Diversos<\/a><\/span> <span class=\"lwp_meta_separator\">|<\/span> <span class=\"lwp_meta_comments\">0 Comments<\/span><\/p><div class=\"lwp_post_carousel_excerpt\"><p>Zapopan, Jalisco Dise\u00f1o y Construcci\u00f3n de Edificio vertical 1,400 m2. En seis niveles, Estacionamiento en s\u00f3tano, plazoleta-terraza interior, comedor y lobby....<\/p>\n<\/div><div class=\"lwp_post_carousel_read_more\">\r\n\t\t\t\t\t<div class=\"et_pb_button_wrapper\"><a class=\"et_pb_button\" href=\"https:\/\/tensa.mx\/en\/proyectos\/edificio-grupo-tensa\/\">Read More<\/a><\/div>\r\n\t\t\t\t<\/div>\r\n\t\t\t<\/div>\r\n\t\t<\/div><div class=\"lwp_post_carousel_item\">\r\n\t\t\t<div class=\"lwp_post_carousel_item_inner lwp_carousel_default\"><div class=\"lwp_post_carousel_image\">\r\n\t\t\t<a class=\"lwp_carousel_featured_image\" href=\"https:\/\/tensa.mx\/en\/proyectos\/plaza-gran-patio-patria-mrp\/\">\r\n\t\t\t<img width=\"400\" height=\"250\" src=\"https:\/\/tensa.mx\/wp-content\/uploads\/2023\/12\/MRP-GRAN-PATIO-PATRIA-2-400x250.jpg\" class=\"attachment-et-pb-post-main-image size-et-pb-post-main-image wp-post-image\" alt=\"\" decoding=\"async\" loading=\"lazy\" \/>\r\n\t\t\t<\/a>\r\n\t\t<\/div><div class=\"lwp_post_carousel_title\">\r\n\t\t\t\t\t<h4 class=\"lwp_post_carousel_heading\">\r\n\t\t\t\t\t\t<a class=\"lwp_post_title\" href=\"https:\/\/tensa.mx\/en\/proyectos\/plaza-gran-patio-patria-mrp\/\">PLAZA  GRAN PATIO PATRIA MRP<\/a>\r\n\t\t\t\t\t<\/h4>\r\n\t\t\t\t<\/div><p class=\"lwp_post_carousel_meta\"><span class=\"lwp_meta_by\">by<\/span> <a href=\"https:\/\/tensa.mx\/en\/author\/tensa\/\" title=\"Posts by tensa construcciones\" rel=\"author\">tensa construcciones<\/a> <span class=\"lwp_meta_separator\">|<\/span> <span class=\"lwp_meta_date\">Dec 13, 2023<\/span> <span class=\"lwp_meta_separator\">|<\/span> <span class=\"lwp_meta_categories\"><a href=\"https:\/\/tensa.mx\/en\/category\/proyectos\/\" rel=\"category tag\">Proyectos<\/a>, <a href=\"https:\/\/tensa.mx\/en\/category\/proyectos\/proyectos-diversos\/\" rel=\"category tag\">Proyectos Diversos<\/a><\/span> <span class=\"lwp_meta_separator\">|<\/span> <span class=\"lwp_meta_comments\">0 Comments<\/span><\/p><div class=\"lwp_post_carousel_excerpt\"><p>Zapopan, Jalisco Construcci\u00f3n de plaza comercial en dos niveles m\u00e1s \u00e1rea de s\u00f3tano Terracer\u00edas, zapatas de cimentaci\u00f3n, muros de contenci\u00f3n, estructura met\u00e1lica y deck...<\/p>\n<\/div><div class=\"lwp_post_carousel_read_more\">\r\n\t\t\t\t\t<div class=\"et_pb_button_wrapper\"><a class=\"et_pb_button\" href=\"https:\/\/tensa.mx\/en\/proyectos\/plaza-gran-patio-patria-mrp\/\">Read More<\/a><\/div>\r\n\t\t\t\t<\/div>\r\n\t\t\t<\/div>\r\n\t\t<\/div><div class=\"lwp_post_carousel_item\">\r\n\t\t\t<div class=\"lwp_post_carousel_item_inner lwp_carousel_default\"><div class=\"lwp_post_carousel_image\">\r\n\t\t\t<a class=\"lwp_carousel_featured_image\" href=\"https:\/\/tensa.mx\/en\/proyectos\/centro-comercial-patio-navojoa\/\">\r\n\t\t\t<img width=\"400\" height=\"250\" src=\"https:\/\/tensa.mx\/wp-content\/uploads\/2023\/12\/PATIO-NAVOJOA-1A-400x250.jpg\" class=\"attachment-et-pb-post-main-image size-et-pb-post-main-image wp-post-image\" alt=\"\" decoding=\"async\" loading=\"lazy\" \/>\r\n\t\t\t<\/a>\r\n\t\t<\/div><div class=\"lwp_post_carousel_title\">\r\n\t\t\t\t\t<h4 class=\"lwp_post_carousel_heading\">\r\n\t\t\t\t\t\t<a class=\"lwp_post_title\" href=\"https:\/\/tensa.mx\/en\/proyectos\/centro-comercial-patio-navojoa\/\">CENTRO COMERCIAL PATIO NAVOJOA<\/a>\r\n\t\t\t\t\t<\/h4>\r\n\t\t\t\t<\/div><p class=\"lwp_post_carousel_meta\"><span class=\"lwp_meta_by\">by<\/span> <a href=\"https:\/\/tensa.mx\/en\/author\/tensa\/\" title=\"Posts by tensa construcciones\" rel=\"author\">tensa construcciones<\/a> <span class=\"lwp_meta_separator\">|<\/span> <span class=\"lwp_meta_date\">Dec 13, 2023<\/span> <span class=\"lwp_meta_separator\">|<\/span> <span class=\"lwp_meta_categories\"><a href=\"https:\/\/tensa.mx\/en\/category\/proyectos\/\" rel=\"category tag\">Proyectos<\/a>, <a href=\"https:\/\/tensa.mx\/en\/category\/proyectos\/proyectos-diversos\/\" rel=\"category tag\">Proyectos Diversos<\/a><\/span> <span class=\"lwp_meta_separator\">|<\/span> <span class=\"lwp_meta_comments\">0 Comments<\/span><\/p><div class=\"lwp_post_carousel_excerpt\"><p>Navojoa, Sonora Dise\u00f1o y construcci\u00f3n de centro comercial 8,607.02 m\u00b2 y 2,787 m\u00b2 de locales comerciales Terracer\u00edas, cimentaci\u00f3n, zapatas aisladas, muros de economuro...<\/p>\n<\/div><div class=\"lwp_post_carousel_read_more\">\r\n\t\t\t\t\t<div class=\"et_pb_button_wrapper\"><a class=\"et_pb_button\" href=\"https:\/\/tensa.mx\/en\/proyectos\/centro-comercial-patio-navojoa\/\">Read More<\/a><\/div>\r\n\t\t\t\t<\/div>\r\n\t\t\t<\/div>\r\n\t\t<\/div>\r\n\t\t\t<\/section>\n\t\t\t\t<\/div>\n\t\t\t<\/div>CLIENTES<div class=\"et_pb_module wdcl_logo_carousel wdcl_logo_carousel_0\">\n\t\t\t\t\n\t\t\t\t\n\t\t\t\t\n\t\t\t\t\n\t\t\t\t\n\t\t\t\t\n\t\t\t\t<div class=\"et_pb_module_inner\">\n\t\t\t\t\t<div dir=\"ltr\" class=\"dcf-container dcf-logo-carousel zoom_in\" data-pagi=\"false\"\n\t\t\tdata-pagi-tablet=\"false\"\n\t\t\tdata-pagi-phone=\"false\"\n\t\t\tdata-nav=\"true\"\n\t\t\tdata-nav-tablet=\"true\"\n\t\t\tdata-nav-phone=\"true\"\n\t\t\tdata-autoplay=\"on\"\n\t\t\tdata-autoplay-speed=\"2000ms\"\n\t\t\tdata-speed=\"700ms\"\n\t\t\tdata-slides=\"&#8221;5&#8243;\"\n\t\t\tdata-slides-tablet=\"&#8221;5&#8243;\"\n\t\t\tdata-slides-phone=\"&#8221;5&#8243;\"\n\t\t\tdata-center=\"off\"\n\t\t\tdata-center-mode-type=\"classic\"\n\t\t\tdata-center-padding=\"70px||\"\n\t\t\tdata-vertical=\"off\"\n\t\t\tdata-icon-left=\"4\"\n\t\t\tdata-icon-right=\"5\"\n\t\t\tdata-infinite=\"on\"\n\t\t\tdata-variable-width=\"off\"\n\t\t\tdata-auto-height=\"&#8221;on&#8221;\"\n\t\t\tdata-items-scroll=\"1||\"\n\t\t\tdata-fade=\"off\"\n\t\t\tdata-dir=\"ltr\" >\n                \n            <\/div>\n\t\t\t\t<\/div>\n\t\t\t<\/div><\/p>\n","protected":false},"author":3,"featured_media":0,"parent":0,"menu_order":0,"comment_status":"closed","ping_status":"closed","template":"","meta":{"_et_pb_use_builder":"on","_et_pb_old_content":"","_et_gb_content_width":"","footnotes":""},"class_list":["post-11242","page","type-page","status-publish","hentry"],"_links":{"self":[{"href":"https:\/\/tensa.mx\/en\/wp-json\/wp\/v2\/pages\/11242","targetHints":{"allow":["GET"]}}],"collection":[{"href":"https:\/\/tensa.mx\/en\/wp-json\/wp\/v2\/pages"}],"about":[{"href":"https:\/\/tensa.mx\/en\/wp-json\/wp\/v2\/types\/page"}],"author":[{"embeddable":true,"href":"https:\/\/tensa.mx\/en\/wp-json\/wp\/v2\/users\/3"}],"replies":[{"embeddable":true,"href":"https:\/\/tensa.mx\/en\/wp-json\/wp\/v2\/comments?post=11242"}],"version-history":[{"count":13,"href":"https:\/\/tensa.mx\/en\/wp-json\/wp\/v2\/pages\/11242\/revisions"}],"predecessor-version":[{"id":12688,"href":"https:\/\/tensa.mx\/en\/wp-json\/wp\/v2\/pages\/11242\/revisions\/12688"}],"wp:attachment":[{"href":"https:\/\/tensa.mx\/en\/wp-json\/wp\/v2\/media?parent=11242"}],"curies":[{"name":"wp","href":"https:\/\/api.w.org\/{rel}","templated":true}]}}